{"id":13996,"date":"2020-01-16T20:40:51","date_gmt":"2020-01-16T20:40:51","guid":{"rendered":"https:\/\/heimdal.com.ec\/wp\/?page_id=13996"},"modified":"2020-06-30T16:28:33","modified_gmt":"2020-06-30T16:28:33","slug":"encargos-fiduciarios","status":"publish","type":"page","link":"https:\/\/heimdal.com.ec\/wp\/?page_id=13996","title":{"rendered":"Encargos Fiduciarios"},"content":{"rendered":"<div class=\"fusion-fullwidth fullwidth-box fusion-builder-row-1 nonhundred-percent-fullwidth non-hundred-percent-height-scrolling\" style=\"background-color: rgba(255,255,255,0);background-position: center center;background-repeat: no-repeat;padding-top:0px;padding-right:0px;padding-bottom:0px;padding-left:0px;margin-bottom: 0px;margin-top: 0px;border-width: 0px 0px 0px 0px;border-color:#eae9e9;border-style:solid;\" ><div class=\"fusion-builder-row fusion-row\"><div class=\"fusion-layout-column fusion_builder_column fusion-builder-column-0 fusion_builder_column_1_1 1_1 fusion-one-full fusion-column-first fusion-column-last\" style=\"margin-top:0px;margin-bottom:20px;\"><div class=\"fusion-column-wrapper fusion-flex-column-wrapper-legacy\" style=\"background-position:left top;background-repeat:no-repeat;-webkit-background-size:cover;-moz-background-size:cover;-o-background-size:cover;background-size:cover;padding: 0px 0px 0px 0px;\"><div class=\"imageframe-align-center\"><span class=\" fusion-imageframe imageframe-dropshadow imageframe-1 hover-type-none\" style=\"-webkit-border-radius:5px;-moz-border-radius:5px;border-radius:5px;-webkit-box-shadow: 3px 3px 7px rgba(110,171,223,0.3);box-shadow: 3px 3px 7px rgba(110,171,223,0.3);\"><img decoding=\"async\" width=\"800\" image_height=\"363\" image_id=\"14100\" title=\"INFOGRAFIA PNG PARA PPT-07\" src=\"https:\/\/heimdal.com.ec\/wp\/wp-content\/uploads\/2020\/03\/INFOGRAFIA-PNG-PARA-PPT-07-800x363.png\" class=\"img-responsive wp-image-14100\" srcset=\"https:\/\/heimdal.com.ec\/wp\/wp-content\/uploads\/2020\/03\/INFOGRAFIA-PNG-PARA-PPT-07-200x91.png 200w, https:\/\/heimdal.com.ec\/wp\/wp-content\/uploads\/2020\/03\/INFOGRAFIA-PNG-PARA-PPT-07-400x182.png 400w, https:\/\/heimdal.com.ec\/wp\/wp-content\/uploads\/2020\/03\/INFOGRAFIA-PNG-PARA-PPT-07-600x272.png 600w, https:\/\/heimdal.com.ec\/wp\/wp-content\/uploads\/2020\/03\/INFOGRAFIA-PNG-PARA-PPT-07-800x363.png 800w, https:\/\/heimdal.com.ec\/wp\/wp-content\/uploads\/2020\/03\/INFOGRAFIA-PNG-PARA-PPT-07-1200x545.png 1200w\" sizes=\"(max-width: 1100px) 100vw, 1200px\" \/><\/span><\/div><div class=\"fusion-sep-clear\"><\/div><div class=\"fusion-separator\" style=\"margin-left: auto;margin-right: auto;margin-top:50px;margin-bottom:30px;width:100%;max-width:250px;\"><div class=\"fusion-separator-border sep-single sep-dashed\" style=\"border-color:#6eabdf;border-top-width:1px;\"><\/div><\/div><div class=\"fusion-sep-clear\"><\/div><div class=\"fusion-text fusion-text-1\"><h2 style=\"text-align: center;\"><span style=\"color: #6eabdf;\">Encargo fiduciario<\/span><\/h2>\n<p style=\"text-align: center;\"><span style=\"color: #2e4278;\">Consiste en un contrato escrito en el que el constituyente instruye al fiduciario,<\/span><br \/>\n<span style=\"color: #2e4278;\"> de forma irrevocable, temporal y por cuenta de aquel, que cumpla diversas<\/span><br \/>\n<span style=\"color: #2e4278;\"> finalidades, tales como de gesti\u00f3n, inversi\u00f3n, tenencia o guarda, enajenaci\u00f3n, <\/span><br \/>\n<span style=\"color: #2e4278;\">disposici\u00f3n en favor del propio constituyente o de un tercero beneficiario.<\/span><\/p>\n<\/div><div class=\"fusion-clearfix\"><\/div><\/div><\/div><\/div><\/div>\n","protected":false},"excerpt":{"rendered":"","protected":false},"author":1,"featured_media":0,"parent":0,"menu_order":0,"comment_status":"closed","ping_status":"closed","template":"","meta":[],"_links":{"self":[{"href":"https:\/\/heimdal.com.ec\/wp\/index.php?rest_route=\/wp\/v2\/pages\/13996"}],"collection":[{"href":"https:\/\/heimdal.com.ec\/wp\/index.php?rest_route=\/wp\/v2\/pages"}],"about":[{"href":"https:\/\/heimdal.com.ec\/wp\/index.php?rest_route=\/wp\/v2\/types\/page"}],"author":[{"embeddable":true,"href":"https:\/\/heimdal.com.ec\/wp\/index.php?rest_route=\/wp\/v2\/users\/1"}],"replies":[{"embeddable":true,"href":"https:\/\/heimdal.com.ec\/wp\/index.php?rest_route=%2Fwp%2Fv2%2Fcomments&post=13996"}],"version-history":[{"count":5,"href":"https:\/\/heimdal.com.ec\/wp\/index.php?rest_route=\/wp\/v2\/pages\/13996\/revisions"}],"predecessor-version":[{"id":14386,"href":"https:\/\/heimdal.com.ec\/wp\/index.php?rest_route=\/wp\/v2\/pages\/13996\/revisions\/14386"}],"wp:attachment":[{"href":"https:\/\/heimdal.com.ec\/wp\/index.php?rest_route=%2Fwp%2Fv2%2Fmedia&parent=13996"}],"curies":[{"name":"wp","href":"https:\/\/api.w.org\/{rel}","templated":true}]}}