{"id":10883,"date":"2014-10-11T14:58:50","date_gmt":"2014-10-11T14:58:50","guid":{"rendered":"http:\/\/avada.theme-fusion.com_demos\/portfolio\/?page_id=10883"},"modified":"2020-09-02T15:36:09","modified_gmt":"2020-09-02T15:36:09","slug":"porqueelegirnos","status":"publish","type":"page","link":"https:\/\/heimdal.com.ec\/wp\/?page_id=10883","title":{"rendered":"\u00bf Por qu\u00e9 elegirnos ?"},"content":{"rendered":"<p><div class=\"fusion-fullwidth fullwidth-box fusion-builder-row-1 nonhundred-percent-fullwidth non-hundred-percent-height-scrolling\" style=\"background-color: rgba(255,255,255,0.5);background-position: left top;background-repeat: no-repeat;padding-top:0px;padding-right:0px;padding-bottom:0px;padding-left:0px;margin-bottom: 0px;margin-top: 0px;border-width: 0px 0px 0px 0px;border-color:#eae9e9;border-style:solid;\" ><div class=\"fusion-builder-row fusion-row\"><div class=\"fusion-layout-column fusion_builder_column fusion-builder-column-0 fusion_builder_column_1_1 1_1 fusion-one-full fusion-column-first fusion-column-last fusion-column-no-min-height\" style=\"margin-top:0px;margin-bottom:20px;\"><div class=\"fusion-column-wrapper fusion-flex-column-wrapper-legacy\" style=\"background-position:left top;background-repeat:no-repeat;-webkit-background-size:cover;-moz-background-size:cover;-o-background-size:cover;background-size:cover;padding: 0px 0px 0px 0px;\"><div class=\"fusion-text fusion-text-1\"><h1 style=\"text-align: center;\"><span style=\"color: #6eabdf;\">\u00bf POR QU\u00c9 ELEGIRNOS ?<\/span><\/h1>\n<\/div><div class=\"fusion-clearfix\"><\/div><\/div><\/div><div class=\"fusion-layout-column fusion_builder_column fusion-builder-column-1 fusion_builder_column_1_3 1_3 fusion-one-third fusion-column-first\" style=\"width:33.333333333333%;width:calc(33.333333333333% - ( ( 4% + 4% ) * 0.33333333333333 ) );margin-right: 4%;margin-top:0px;margin-bottom:20px;\"><div class=\"fusion-column-wrapper fusion-flex-column-wrapper-legacy\" style=\"background-position:left top;background-repeat:no-repeat;-webkit-background-size:cover;-moz-background-size:cover;-o-background-size:cover;background-size:cover;padding: 0px 0px 0px 0px;\"><div class=\"fusion-sep-clear\"><\/div><div class=\"fusion-separator fusion-no-small-visibility fusion-full-width-sep\" style=\"margin-left: auto;margin-right: auto;width:100%;\"><div class=\"fusion-separator-border sep-single sep-solid\" style=\"border-color:#6eabdf;border-top-width:1px;\"><\/div><\/div><div class=\"fusion-sep-clear\"><\/div><div class=\"fusion-text fusion-text-2\"><p style=\"text-align: justify;\">El crecimiento de tus negocios y la protecci\u00f3n de tu patrimonio es nuestra verdadera raz\u00f3n de ser.<\/p>\n<\/div><div class=\"fusion-clearfix\"><\/div><\/div><\/div><div class=\"fusion-layout-column fusion_builder_column fusion-builder-column-2 fusion_builder_column_1_3 1_3 fusion-one-third\" style=\"width:33.333333333333%;width:calc(33.333333333333% - ( ( 4% + 4% ) * 0.33333333333333 ) );margin-right: 4%;margin-top:0px;margin-bottom:20px;\"><div class=\"fusion-column-wrapper fusion-flex-column-wrapper-legacy\" style=\"background-position:left top;background-repeat:no-repeat;-webkit-background-size:cover;-moz-background-size:cover;-o-background-size:cover;background-size:cover;padding: 0px 0px 0px 0px;\"><div class=\"fusion-sep-clear\"><\/div><div class=\"fusion-separator fusion-full-width-sep\" style=\"margin-left: auto;margin-right: auto;width:100%;\"><div class=\"fusion-separator-border sep-single sep-solid\" style=\"border-color:#2e4278;border-top-width:1px;\"><\/div><\/div><div class=\"fusion-sep-clear\"><\/div><div class=\"fusion-text fusion-text-3\"><p style=\"text-align: justify;\">Transformamos los negocios \ufb01duciarios entendiendo tus necesidades e identi\ufb01cando la importancia que tienen para ti.<\/p>\n<\/div><div class=\"fusion-clearfix\"><\/div><\/div><\/div><div class=\"fusion-layout-column fusion_builder_column fusion-builder-column-3 fusion_builder_column_1_3 1_3 fusion-one-third fusion-column-last\" style=\"width:33.333333333333%;width:calc(33.333333333333% - ( ( 4% + 4% ) * 0.33333333333333 ) );margin-top:0px;margin-bottom:20px;\"><div class=\"fusion-column-wrapper fusion-flex-column-wrapper-legacy\" style=\"background-position:left top;background-repeat:no-repeat;-webkit-background-size:cover;-moz-background-size:cover;-o-background-size:cover;background-size:cover;padding: 0px 0px 0px 0px;\"><div class=\"fusion-sep-clear\"><\/div><div class=\"fusion-separator fusion-no-small-visibility fusion-full-width-sep\" style=\"margin-left: auto;margin-right: auto;width:100%;\"><div class=\"fusion-separator-border sep-single sep-solid\" style=\"border-color:#6eabdf;border-top-width:1px;\"><\/div><\/div><div class=\"fusion-sep-clear\"><\/div><div class=\"fusion-text fusion-text-4\"><p style=\"text-align: justify;\">Convertimos lo complicado en sencillo. Nuestra atenci\u00f3n personalizada y \ufb02exible permite reducir tu carga operativa y manejar tus recursos de la forma m\u00e1s e\ufb01ciente.<\/p>\n<\/div><div class=\"fusion-clearfix\"><\/div><\/div><\/div><\/div><\/div><div class=\"fusion-fullwidth fullwidth-box fusion-builder-row-2 nonhundred-percent-fullwidth non-hundred-percent-height-scrolling\" style=\"background-color: rgba(255,255,255,0);background-position: center center;background-repeat: no-repeat;padding-top:0px;padding-right:0px;padding-bottom:0px;padding-left:0px;margin-bottom: 0px;margin-top: 0px;border-width: 0px 0px 0px 0px;border-color:#eae9e9;border-style:solid;\" ><div class=\"fusion-builder-row fusion-row\"><div class=\"fusion-layout-column fusion_builder_column fusion-builder-column-4 fusion_builder_column_1_1 1_1 fusion-one-full fusion-column-first fusion-column-last\" style=\"margin-top:0px;margin-bottom:20px;\"><div class=\"fusion-column-wrapper fusion-flex-column-wrapper-legacy\" style=\"background-position:left top;background-repeat:no-repeat;-webkit-background-size:cover;-moz-background-size:cover;-o-background-size:cover;background-size:cover;padding: 0px 0px 0px 0px;\"><div class=\"fusion-sep-clear\"><\/div><div class=\"fusion-separator fusion-full-width-sep\" style=\"margin-left: auto;margin-right: auto;margin-top:20px;margin-bottom:20px;width:100%;\"><div class=\"fusion-separator-border sep-single sep-solid\" style=\"border-color:#ffffff;border-top-width:1px;\"><\/div><\/div><div class=\"fusion-sep-clear\"><\/div><div class=\"fusion-sep-clear\"><\/div><div class=\"fusion-separator fusion-full-width-sep\" style=\"margin-left: auto;margin-right: auto;margin-bottom:50px;width:100%;\"><div class=\"fusion-separator-border sep-double\" style=\"border-color:#e0dede;border-top-width:1px;border-bottom-width:1px;\"><\/div><\/div><div class=\"fusion-sep-clear\"><\/div><div class=\"fusion-text fusion-text-5\"><h3 style=\"text-align: center;\"><span style=\"color: #6eabdf;\">Fideicomisos y Fondos de Inversi\u00f3n administrados por<\/span><br \/>\n<span style=\"color: #6eabdf;\">expertos que solucionan tus problemas, permiten enfocarte<\/span><br \/>\n<span style=\"color: #6eabdf;\">en tu negocio y generan crecimiento en tu patrimonio.<\/span><\/h3>\n<\/div><div class=\"fusion-clearfix\"><\/div><\/div><\/div><div class=\"fusion-layout-column fusion_builder_column fusion-builder-column-5 fusion_builder_column_1_2 1_2 fusion-one-half fusion-column-first\" style=\"width:50%;width:calc(50% - ( ( 4% ) * 0.5 ) );margin-right: 4%;margin-top:0px;margin-bottom:20px;\"><div class=\"fusion-column-wrapper fusion-flex-column-wrapper-legacy\" style=\"background-position:left top;background-repeat:no-repeat;-webkit-background-size:cover;-moz-background-size:cover;-o-background-size:cover;background-size:cover;padding: 0px 0px 0px 0px;\"><div class=\"imageframe-align-center\"><span class=\" fusion-imageframe imageframe-dropshadow imageframe-1 hover-type-none\" style=\"border:1px solid #f6f6f6;-webkit-border-radius:5px;-moz-border-radius:5px;border-radius:5px;-webkit-box-shadow: 10px 10px 14px rgba(0,0,0,0.3);box-shadow: 10px 10px 14px rgba(0,0,0,0.3);\"><a href=\"https:\/\/heimdal.com.ec\/wp\/wp-content\/uploads\/2019\/07\/nosotros1-1024x559.jpg\" class=\"fusion-lightbox\" data-rel=\"iLightbox[eb0ba06f1eb85fe6def]\" data-title=\"nosotros1\" title=\"nosotros1\"><img decoding=\"async\" width=\"1024\" image_height=\"559\" image_id=\"13574\" src=\"https:\/\/heimdal.com.ec\/wp\/wp-content\/uploads\/2019\/07\/nosotros1-1024x559.jpg\" class=\"img-responsive wp-image-13574\" srcset=\"https:\/\/heimdal.com.ec\/wp\/wp-content\/uploads\/2019\/07\/nosotros1-200x109.jpg 200w, https:\/\/heimdal.com.ec\/wp\/wp-content\/uploads\/2019\/07\/nosotros1-400x218.jpg 400w, https:\/\/heimdal.com.ec\/wp\/wp-content\/uploads\/2019\/07\/nosotros1-600x327.jpg 600w, https:\/\/heimdal.com.ec\/wp\/wp-content\/uploads\/2019\/07\/nosotros1-800x436.jpg 800w, https:\/\/heimdal.com.ec\/wp\/wp-content\/uploads\/2019\/07\/nosotros1.jpg 1100w\" sizes=\"(max-width: 1100px) 100vw, 600px\" \/><\/a><\/span><\/div><div class=\"fusion-clearfix\"><\/div><\/div><\/div><div class=\"fusion-layout-column fusion_builder_column fusion-builder-column-6 fusion_builder_column_1_2 1_2 fusion-one-half fusion-column-last\" style=\"width:50%;width:calc(50% - ( ( 4% ) * 0.5 ) );margin-top:0px;margin-bottom:20px;\"><div class=\"fusion-column-wrapper fusion-flex-column-wrapper-legacy\" style=\"background-position:left top;background-repeat:no-repeat;-webkit-background-size:cover;-moz-background-size:cover;-o-background-size:cover;background-size:cover;padding: 0px 0px 0px 0px;\"><div class=\"fusion-column-content-centered\"><div class=\"fusion-column-content\"><div class=\"fusion-sep-clear\"><\/div><div class=\"fusion-separator\" style=\"margin-left: auto;margin-right: auto;margin-top:20px;margin-bottom:10px;width:100%;max-width:300px;\"><div class=\"fusion-separator-border sep-single sep-solid\" style=\"border-color:#e0dede;border-top-width:1px;\"><\/div><\/div><div class=\"fusion-sep-clear\"><\/div><div class=\"fusion-text fusion-text-6 fusion-no-medium-visibility\"><p style=\"text-align: justify;\">Somos una firma con m\u00e1s de 10 a\u00f1os de trayectoria, integrada por un equipo de profesionales enfocados en solucionar tus problemas, hacer crecer tu patrimonio y ser un v\u00ednculo efectivo hacia el logro de tus objetivos y aspiraciones. Actualmente trabajamos junto a emprendedores, familias empresarias y compa\u00f1\u00edas en crecimiento, ofreciendo soluciones innovadoras en negocios fiduciarios y convirti\u00e9ndonos en un socio estrat\u00e9gico fundamental de nuestros clientes.<\/p>\n<\/div><\/div><\/div><div class=\"fusion-clearfix\"><\/div><\/div><\/div><\/div><\/div><\/p>\n","protected":false},"excerpt":{"rendered":"","protected":false},"author":1,"featured_media":0,"parent":0,"menu_order":0,"comment_status":"open","ping_status":"open","template":"100-width.php","meta":[],"_links":{"self":[{"href":"https:\/\/heimdal.com.ec\/wp\/index.php?rest_route=\/wp\/v2\/pages\/10883"}],"collection":[{"href":"https:\/\/heimdal.com.ec\/wp\/index.php?rest_route=\/wp\/v2\/pages"}],"about":[{"href":"https:\/\/heimdal.com.ec\/wp\/index.php?rest_route=\/wp\/v2\/types\/page"}],"author":[{"embeddable":true,"href":"https:\/\/heimdal.com.ec\/wp\/index.php?rest_route=\/wp\/v2\/users\/1"}],"replies":[{"embeddable":true,"href":"https:\/\/heimdal.com.ec\/wp\/index.php?rest_route=%2Fwp%2Fv2%2Fcomments&post=10883"}],"version-history":[{"count":119,"href":"https:\/\/heimdal.com.ec\/wp\/index.php?rest_route=\/wp\/v2\/pages\/10883\/revisions"}],"predecessor-version":[{"id":15051,"href":"https:\/\/heimdal.com.ec\/wp\/index.php?rest_route=\/wp\/v2\/pages\/10883\/revisions\/15051"}],"wp:attachment":[{"href":"https:\/\/heimdal.com.ec\/wp\/index.php?rest_route=%2Fwp%2Fv2%2Fmedia&parent=10883"}],"curies":[{"name":"wp","href":"https:\/\/api.w.org\/{rel}","templated":true}]}}